{"id":266,"date":"2024-12-11T23:25:27","date_gmt":"2024-12-11T22:25:27","guid":{"rendered":"https:\/\/pf-photographie.com\/?page_id=266"},"modified":"2025-07-23T14:52:10","modified_gmt":"2025-07-23T12:52:10","slug":"portraits","status":"publish","type":"page","link":"https:\/\/pf-photographie.com\/index.php\/portraits\/","title":{"rendered":"Portraits"},"content":{"rendered":"\t\t<div data-elementor-type=\"wp-page\" data-elementor-id=\"266\" class=\"elementor elementor-266\">\n\t\t\t\t<div class=\"elementor-element elementor-element-c1bc7e9 e-con-full e-flex e-con e-parent\" data-id=\"c1bc7e9\" data-element_type=\"container\" data-e-type=\"container\">\n\t\t<div class=\"elementor-element elementor-element-7abe3c7 e-flex e-con-boxed e-con e-child\" data-id=\"7abe3c7\" data-element_type=\"container\" data-e-type=\"container\">\n\t\t\t\t\t<div class=\"e-con-inner\">\n\t\t\t\t<div class=\"elementor-element elementor-element-45a8fed elementor-widget elementor-widget-image\" data-id=\"45a8fed\" data-element_type=\"widget\" data-e-type=\"widget\" data-widget_type=\"image.default\">\n\t\t\t\t<div class=\"elementor-widget-container\">\n\t\t\t\t\t\t\t\t\t\t\t\t\t\t\t<img fetchpriority=\"high\" decoding=\"async\" width=\"683\" height=\"1024\" src=\"https:\/\/pf-photographie.com\/wp-content\/uploads\/2025\/02\/Juliette-3-683x1024.jpg\" class=\"attachment-large size-large wp-image-911\" alt=\"\" srcset=\"https:\/\/pf-photographie.com\/wp-content\/uploads\/2025\/02\/Juliette-3-683x1024.jpg 683w, https:\/\/pf-photographie.com\/wp-content\/uploads\/2025\/02\/Juliette-3-200x300.jpg 200w, https:\/\/pf-photographie.com\/wp-content\/uploads\/2025\/02\/Juliette-3-768x1152.jpg 768w, https:\/\/pf-photographie.com\/wp-content\/uploads\/2025\/02\/Juliette-3-1024x1536.jpg 1024w, https:\/\/pf-photographie.com\/wp-content\/uploads\/2025\/02\/Juliette-3-1365x2048.jpg 1365w, https:\/\/pf-photographie.com\/wp-content\/uploads\/2025\/02\/Juliette-3-scaled.jpg 1707w\" sizes=\"(max-width: 683px) 100vw, 683px\" \/>\t\t\t\t\t\t\t\t\t\t\t\t\t\t\t<\/div>\n\t\t\t\t<\/div>\n\t\t\t\t\t<\/div>\n\t\t\t\t<\/div>\n\t\t<div class=\"elementor-element elementor-element-34ceca2 e-flex e-con-boxed e-con e-child\" data-id=\"34ceca2\" data-element_type=\"container\" data-e-type=\"container\">\n\t\t\t\t\t<div class=\"e-con-inner\">\n\t\t\t\t<div class=\"elementor-element elementor-element-7e91d0b elementor-widget-divider--separator-type-pattern elementor-widget-divider--view-line elementor-widget elementor-widget-divider\" data-id=\"7e91d0b\" data-element_type=\"widget\" data-e-type=\"widget\" data-widget_type=\"divider.default\">\n\t\t\t\t<div class=\"elementor-widget-container\">\n\t\t\t\t\t\t\t<div class=\"elementor-divider\" style=\"--divider-pattern-url: url(&quot;data:image\/svg+xml,%3Csvg xmlns=&#039;http:\/\/www.w3.org\/2000\/svg&#039; preserveAspectRatio=&#039;none&#039; overflow=&#039;visible&#039; height=&#039;100%&#039; viewBox=&#039;0 0 24 24&#039; fill=&#039;none&#039; stroke=&#039;black&#039; stroke-width=&#039;2.5&#039; stroke-linecap=&#039;square&#039; stroke-miterlimit=&#039;10&#039;%3E%3Cpath d=&#039;M0,6c6,0,6,13,12,13S18,6,24,6&#039;\/%3E%3C\/svg%3E&quot;);\">\n\t\t\t<span class=\"elementor-divider-separator\">\n\t\t\t\t\t\t<\/span>\n\t\t<\/div>\n\t\t\t\t\t\t<\/div>\n\t\t\t\t<\/div>\n\t\t\t\t<div class=\"elementor-element elementor-element-4a9e2bf elementor-widget elementor-widget-text-editor\" data-id=\"4a9e2bf\" data-element_type=\"widget\" data-e-type=\"widget\" data-widget_type=\"text-editor.default\">\n\t\t\t\t<div class=\"elementor-widget-container\">\n\t\t\t\t\t\t\t\t\t<h3 data-start=\"211\" data-end=\"262\"><span style=\"font-size: 17px; color: #7a7a7a;\">Envie de portraits naturels, authentiques et qui vous ressemblent vraiment ?<\/span><\/h3><p data-start=\"264\" data-end=\"484\">Je vous propose des s\u00e9ances photo personnalis\u00e9es, r\u00e9alis\u00e9es dans le confort de votre domicile ou en ext\u00e9rieur, dans un lieu qui vous inspire.<\/p><p data-start=\"486\" data-end=\"688\">Mon approche est simple et d\u00e9contract\u00e9e : pas de poses fig\u00e9es, juste un moment agr\u00e9able o\u00f9 vous pouvez \u00eatre vous-m\u00eame. L\u2019objectif est de capturer votre personnalit\u00e9, vos \u00e9motions et la beaut\u00e9 du moment.<\/p><p data-start=\"690\" data-end=\"838\">Chaque s\u00e9ance dure environ <strong data-start=\"717\" data-end=\"729\">2 heures<\/strong>, ce qui nous laisse le temps de cr\u00e9er une ambiance d\u00e9tendue et de varier les prises de vue selon vos envies.<\/p><p data-start=\"840\" data-end=\"1151\">Apr\u00e8s la s\u00e9ance, je s\u00e9lectionne et retouche soigneusement les meilleures images, en respectant l\u2019aspect naturel de votre peau et l\u2019atmosph\u00e8re du shooting.<\/p><p data-start=\"840\" data-end=\"1151\"><br data-start=\"994\" data-end=\"997\" \/><strong data-start=\"997\" data-end=\"1066\">Les photos retouch\u00e9es vous sont livr\u00e9es sous une dizaine de jours<\/strong>, pr\u00eates \u00e0 \u00eatre partag\u00e9es, imprim\u00e9es ou simplement conserv\u00e9es comme un beau souvenir.<\/p>\t\t\t\t\t\t\t\t<\/div>\n\t\t\t\t<\/div>\n\t\t\t\t\t<\/div>\n\t\t\t\t<\/div>\n\t\t<div class=\"elementor-element elementor-element-a7238c6 e-con-full e-flex e-con e-child\" data-id=\"a7238c6\" data-element_type=\"container\" data-e-type=\"container\">\n\t\t\t\t<div class=\"elementor-element elementor-element-bd3f37a elementor-widget-divider--separator-type-pattern elementor-widget-divider--view-line elementor-widget elementor-widget-divider\" data-id=\"bd3f37a\" data-element_type=\"widget\" data-e-type=\"widget\" data-widget_type=\"divider.default\">\n\t\t\t\t<div class=\"elementor-widget-container\">\n\t\t\t\t\t\t\t<div class=\"elementor-divider\" style=\"--divider-pattern-url: url(&quot;data:image\/svg+xml,%3Csvg xmlns=&#039;http:\/\/www.w3.org\/2000\/svg&#039; preserveAspectRatio=&#039;none&#039; overflow=&#039;visible&#039; height=&#039;100%&#039; viewBox=&#039;0 0 24 24&#039; fill=&#039;none&#039; stroke=&#039;black&#039; stroke-width=&#039;2.5&#039; stroke-linecap=&#039;square&#039; stroke-miterlimit=&#039;10&#039;%3E%3Cpath d=&#039;M0,6c6,0,6,13,12,13S18,6,24,6&#039;\/%3E%3C\/svg%3E&quot;);\">\n\t\t\t<span class=\"elementor-divider-separator\">\n\t\t\t\t\t\t<\/span>\n\t\t<\/div>\n\t\t\t\t\t\t<\/div>\n\t\t\t\t<\/div>\n\t\t\t\t<\/div>\n\t\t\t\t<\/div>\n\t\t<div class=\"elementor-element elementor-element-4952149 e-grid e-con-boxed e-con e-parent\" data-id=\"4952149\" data-element_type=\"container\" data-e-type=\"container\">\n\t\t\t\t\t<div class=\"e-con-inner\">\n\t\t\t\t<div class=\"elementor-element elementor-element-87dd60c elementor-widget elementor-widget-image\" data-id=\"87dd60c\" data-element_type=\"widget\" data-e-type=\"widget\" data-widget_type=\"image.default\">\n\t\t\t\t<div class=\"elementor-widget-container\">\n\t\t\t\t\t\t\t\t\t\t\t\t\t\t\t<img decoding=\"async\" width=\"768\" height=\"1024\" src=\"https:\/\/pf-photographie.com\/wp-content\/uploads\/2025\/02\/Angelo-5-768x1024.jpg\" class=\"attachment-large size-large wp-image-909\" alt=\"\" srcset=\"https:\/\/pf-photographie.com\/wp-content\/uploads\/2025\/02\/Angelo-5-768x1024.jpg 768w, https:\/\/pf-photographie.com\/wp-content\/uploads\/2025\/02\/Angelo-5-225x300.jpg 225w, https:\/\/pf-photographie.com\/wp-content\/uploads\/2025\/02\/Angelo-5-1152x1536.jpg 1152w, https:\/\/pf-photographie.com\/wp-content\/uploads\/2025\/02\/Angelo-5-1536x2048.jpg 1536w, https:\/\/pf-photographie.com\/wp-content\/uploads\/2025\/02\/Angelo-5-scaled.jpg 1920w\" sizes=\"(max-width: 768px) 100vw, 768px\" \/>\t\t\t\t\t\t\t\t\t\t\t\t\t\t\t<\/div>\n\t\t\t\t<\/div>\n\t\t\t\t<div class=\"elementor-element elementor-element-ebda7c3 elementor-widget elementor-widget-image\" data-id=\"ebda7c3\" data-element_type=\"widget\" data-e-type=\"widget\" data-widget_type=\"image.default\">\n\t\t\t\t<div class=\"elementor-widget-container\">\n\t\t\t\t\t\t\t\t\t\t\t\t\t\t\t<img decoding=\"async\" width=\"683\" height=\"1024\" src=\"https:\/\/pf-photographie.com\/wp-content\/uploads\/2025\/02\/Juliette-5-683x1024.jpg\" class=\"attachment-large size-large wp-image-913\" alt=\"\" srcset=\"https:\/\/pf-photographie.com\/wp-content\/uploads\/2025\/02\/Juliette-5-683x1024.jpg 683w, https:\/\/pf-photographie.com\/wp-content\/uploads\/2025\/02\/Juliette-5-200x300.jpg 200w, https:\/\/pf-photographie.com\/wp-content\/uploads\/2025\/02\/Juliette-5-768x1152.jpg 768w, https:\/\/pf-photographie.com\/wp-content\/uploads\/2025\/02\/Juliette-5-1024x1536.jpg 1024w, https:\/\/pf-photographie.com\/wp-content\/uploads\/2025\/02\/Juliette-5-1365x2048.jpg 1365w, https:\/\/pf-photographie.com\/wp-content\/uploads\/2025\/02\/Juliette-5-scaled.jpg 1707w\" sizes=\"(max-width: 683px) 100vw, 683px\" \/>\t\t\t\t\t\t\t\t\t\t\t\t\t\t\t<\/div>\n\t\t\t\t<\/div>\n\t\t\t\t<div class=\"elementor-element elementor-element-7e1ef61 elementor-widget elementor-widget-image\" data-id=\"7e1ef61\" data-element_type=\"widget\" data-e-type=\"widget\" data-widget_type=\"image.default\">\n\t\t\t\t<div class=\"elementor-widget-container\">\n\t\t\t\t\t\t\t\t\t\t\t\t\t\t\t<img loading=\"lazy\" decoding=\"async\" width=\"683\" height=\"1024\" src=\"https:\/\/pf-photographie.com\/wp-content\/uploads\/2025\/02\/Angelo-4-683x1024.jpg\" class=\"attachment-large size-large wp-image-908\" alt=\"\" srcset=\"https:\/\/pf-photographie.com\/wp-content\/uploads\/2025\/02\/Angelo-4-683x1024.jpg 683w, https:\/\/pf-photographie.com\/wp-content\/uploads\/2025\/02\/Angelo-4-200x300.jpg 200w, https:\/\/pf-photographie.com\/wp-content\/uploads\/2025\/02\/Angelo-4-768x1152.jpg 768w, https:\/\/pf-photographie.com\/wp-content\/uploads\/2025\/02\/Angelo-4-1024x1536.jpg 1024w, https:\/\/pf-photographie.com\/wp-content\/uploads\/2025\/02\/Angelo-4-1365x2048.jpg 1365w, https:\/\/pf-photographie.com\/wp-content\/uploads\/2025\/02\/Angelo-4-scaled.jpg 1707w\" sizes=\"(max-width: 683px) 100vw, 683px\" \/>\t\t\t\t\t\t\t\t\t\t\t\t\t\t\t<\/div>\n\t\t\t\t<\/div>\n\t\t\t\t<div class=\"elementor-element elementor-element-c225bf2 elementor-widget elementor-widget-image\" data-id=\"c225bf2\" data-element_type=\"widget\" data-e-type=\"widget\" data-widget_type=\"image.default\">\n\t\t\t\t<div class=\"elementor-widget-container\">\n\t\t\t\t\t\t\t\t\t\t\t\t\t\t\t<img loading=\"lazy\" decoding=\"async\" width=\"1024\" height=\"683\" src=\"https:\/\/pf-photographie.com\/wp-content\/uploads\/2025\/02\/Juliette-2-1024x683.jpg\" class=\"attachment-large size-large wp-image-910\" alt=\"\" srcset=\"https:\/\/pf-photographie.com\/wp-content\/uploads\/2025\/02\/Juliette-2-1024x683.jpg 1024w, https:\/\/pf-photographie.com\/wp-content\/uploads\/2025\/02\/Juliette-2-300x200.jpg 300w, https:\/\/pf-photographie.com\/wp-content\/uploads\/2025\/02\/Juliette-2-768x512.jpg 768w, https:\/\/pf-photographie.com\/wp-content\/uploads\/2025\/02\/Juliette-2-1536x1024.jpg 1536w, https:\/\/pf-photographie.com\/wp-content\/uploads\/2025\/02\/Juliette-2-2048x1365.jpg 2048w\" sizes=\"(max-width: 1024px) 100vw, 1024px\" \/>\t\t\t\t\t\t\t\t\t\t\t\t\t\t\t<\/div>\n\t\t\t\t<\/div>\n\t\t\t\t\t<\/div>\n\t\t\t\t<\/div>\n\t\t\t\t<\/div>\n\t\t","protected":false},"excerpt":{"rendered":"<p>Envie de portraits naturels, authentiques et qui vous ressemblent vraiment ? Je vous propose des s\u00e9ances photo personnalis\u00e9es, r\u00e9alis\u00e9es dans le confort de votre domicile ou en ext\u00e9rieur, dans un lieu qui vous inspire. Mon approche est simple et d\u00e9contract\u00e9e : pas de poses fig\u00e9es, juste un moment agr\u00e9able o\u00f9 vous pouvez \u00eatre vous-m\u00eame. L\u2019objectif [&hellip;]<\/p>\n","protected":false},"author":1,"featured_media":0,"parent":0,"menu_order":0,"comment_status":"closed","ping_status":"closed","template":"","meta":{"ocean_post_layout":"","ocean_both_sidebars_style":"","ocean_both_sidebars_content_width":0,"ocean_both_sidebars_sidebars_width":0,"ocean_sidebar":"","ocean_second_sidebar":"","ocean_disable_margins":"enable","ocean_add_body_class":"","ocean_shortcode_before_top_bar":"","ocean_shortcode_after_top_bar":"","ocean_shortcode_before_header":"","ocean_shortcode_after_header":"","ocean_has_shortcode":"","ocean_shortcode_after_title":"","ocean_shortcode_before_footer_widgets":"","ocean_shortcode_after_footer_widgets":"","ocean_shortcode_before_footer_bottom":"","ocean_shortcode_after_footer_bottom":"","ocean_display_top_bar":"default","ocean_display_header":"default","ocean_header_style":"","ocean_center_header_left_menu":"","ocean_custom_header_template":"","ocean_custom_logo":0,"ocean_custom_retina_logo":0,"ocean_custom_logo_max_width":0,"ocean_custom_logo_tablet_max_width":0,"ocean_custom_logo_mobile_max_width":0,"ocean_custom_logo_max_height":0,"ocean_custom_logo_tablet_max_height":0,"ocean_custom_logo_mobile_max_height":0,"ocean_header_custom_menu":"","ocean_menu_typo_font_family":"","ocean_menu_typo_font_subset":"","ocean_menu_typo_font_size":0,"ocean_menu_typo_font_size_tablet":0,"ocean_menu_typo_font_size_mobile":0,"ocean_menu_typo_font_size_unit":"px","ocean_menu_typo_font_weight":"","ocean_menu_typo_font_weight_tablet":"","ocean_menu_typo_font_weight_mobile":"","ocean_menu_typo_transform":"","ocean_menu_typo_transform_tablet":"","ocean_menu_typo_transform_mobile":"","ocean_menu_typo_line_height":0,"ocean_menu_typo_line_height_tablet":0,"ocean_menu_typo_line_height_mobile":0,"ocean_menu_typo_line_height_unit":"","ocean_menu_typo_spacing":0,"ocean_menu_typo_spacing_tablet":0,"ocean_menu_typo_spacing_mobile":0,"ocean_menu_typo_spacing_unit":"","ocean_menu_link_color":"","ocean_menu_link_color_hover":"","ocean_menu_link_color_active":"","ocean_menu_link_background":"","ocean_menu_link_hover_background":"","ocean_menu_link_active_background":"","ocean_menu_social_links_bg":"","ocean_menu_social_hover_links_bg":"","ocean_menu_social_links_color":"","ocean_menu_social_hover_links_color":"","ocean_disable_title":"default","ocean_disable_heading":"default","ocean_post_title":"","ocean_post_subheading":"","ocean_post_title_style":"","ocean_post_title_background_color":"","ocean_post_title_background":0,"ocean_post_title_bg_image_position":"","ocean_post_title_bg_image_attachment":"","ocean_post_title_bg_image_repeat":"","ocean_post_title_bg_image_size":"","ocean_post_title_height":0,"ocean_post_title_bg_overlay":0.5,"ocean_post_title_bg_overlay_color":"","ocean_disable_breadcrumbs":"default","ocean_breadcrumbs_color":"","ocean_breadcrumbs_separator_color":"","ocean_breadcrumbs_links_color":"","ocean_breadcrumbs_links_hover_color":"","ocean_display_footer_widgets":"default","ocean_display_footer_bottom":"default","ocean_custom_footer_template":"","footnotes":""},"class_list":["post-266","page","type-page","status-publish","hentry","entry"],"yoast_head":"<!-- This site is optimized with the Yoast SEO plugin v24.6 - https:\/\/yoast.com\/wordpress\/plugins\/seo\/ -->\n<title>Portraits - PF Photographie<\/title>\n<meta name=\"robots\" content=\"index, follow, max-snippet:-1, max-image-preview:large, max-video-preview:-1\" \/>\n<link rel=\"canonical\" href=\"https:\/\/pf-photographie.com\/index.php\/portraits\/\" \/>\n<meta property=\"og:locale\" content=\"fr_FR\" \/>\n<meta property=\"og:type\" content=\"article\" \/>\n<meta property=\"og:title\" content=\"Portraits - PF Photographie\" \/>\n<meta property=\"og:description\" content=\"Envie de portraits naturels, authentiques et qui vous ressemblent vraiment ? Je vous propose des s\u00e9ances photo personnalis\u00e9es, r\u00e9alis\u00e9es dans le confort de votre domicile ou en ext\u00e9rieur, dans un lieu qui vous inspire. Mon approche est simple et d\u00e9contract\u00e9e : pas de poses fig\u00e9es, juste un moment agr\u00e9able o\u00f9 vous pouvez \u00eatre vous-m\u00eame. L\u2019objectif [&hellip;]\" \/>\n<meta property=\"og:url\" content=\"https:\/\/pf-photographie.com\/index.php\/portraits\/\" \/>\n<meta property=\"og:site_name\" content=\"PF Photographie\" \/>\n<meta property=\"article:modified_time\" content=\"2025-07-23T12:52:10+00:00\" \/>\n<meta property=\"og:image\" content=\"http:\/\/pf-photographie.com\/wp-content\/uploads\/2025\/02\/Juliette-3-683x1024.jpg\" \/>\n<meta name=\"twitter:card\" content=\"summary_large_image\" \/>\n<meta name=\"twitter:label1\" content=\"Dur\u00e9e de lecture estim\u00e9e\" \/>\n\t<meta name=\"twitter:data1\" content=\"1 minute\" \/>\n<script type=\"application\/ld+json\" class=\"yoast-schema-graph\">{\"@context\":\"https:\/\/schema.org\",\"@graph\":[{\"@type\":\"WebPage\",\"@id\":\"https:\/\/pf-photographie.com\/index.php\/portraits\/\",\"url\":\"https:\/\/pf-photographie.com\/index.php\/portraits\/\",\"name\":\"Portraits - PF Photographie\",\"isPartOf\":{\"@id\":\"https:\/\/pf-photographie.com\/#website\"},\"primaryImageOfPage\":{\"@id\":\"https:\/\/pf-photographie.com\/index.php\/portraits\/#primaryimage\"},\"image\":{\"@id\":\"https:\/\/pf-photographie.com\/index.php\/portraits\/#primaryimage\"},\"thumbnailUrl\":\"http:\/\/pf-photographie.com\/wp-content\/uploads\/2025\/02\/Juliette-3-683x1024.jpg\",\"datePublished\":\"2024-12-11T22:25:27+00:00\",\"dateModified\":\"2025-07-23T12:52:10+00:00\",\"breadcrumb\":{\"@id\":\"https:\/\/pf-photographie.com\/index.php\/portraits\/#breadcrumb\"},\"inLanguage\":\"fr-FR\",\"potentialAction\":[{\"@type\":\"ReadAction\",\"target\":[\"https:\/\/pf-photographie.com\/index.php\/portraits\/\"]}]},{\"@type\":\"ImageObject\",\"inLanguage\":\"fr-FR\",\"@id\":\"https:\/\/pf-photographie.com\/index.php\/portraits\/#primaryimage\",\"url\":\"https:\/\/pf-photographie.com\/wp-content\/uploads\/2025\/02\/Juliette-3-scaled.jpg\",\"contentUrl\":\"https:\/\/pf-photographie.com\/wp-content\/uploads\/2025\/02\/Juliette-3-scaled.jpg\",\"width\":1707,\"height\":2560},{\"@type\":\"BreadcrumbList\",\"@id\":\"https:\/\/pf-photographie.com\/index.php\/portraits\/#breadcrumb\",\"itemListElement\":[{\"@type\":\"ListItem\",\"position\":1,\"name\":\"Accueil\",\"item\":\"https:\/\/pf-photographie.com\/\"},{\"@type\":\"ListItem\",\"position\":2,\"name\":\"Portraits\"}]},{\"@type\":\"WebSite\",\"@id\":\"https:\/\/pf-photographie.com\/#website\",\"url\":\"https:\/\/pf-photographie.com\/\",\"name\":\"PF Photographie\",\"description\":\"\",\"publisher\":{\"@id\":\"https:\/\/pf-photographie.com\/#organization\"},\"potentialAction\":[{\"@type\":\"SearchAction\",\"target\":{\"@type\":\"EntryPoint\",\"urlTemplate\":\"https:\/\/pf-photographie.com\/?s={search_term_string}\"},\"query-input\":{\"@type\":\"PropertyValueSpecification\",\"valueRequired\":true,\"valueName\":\"search_term_string\"}}],\"inLanguage\":\"fr-FR\"},{\"@type\":\"Organization\",\"@id\":\"https:\/\/pf-photographie.com\/#organization\",\"name\":\"PF Photographie\",\"url\":\"https:\/\/pf-photographie.com\/\",\"logo\":{\"@type\":\"ImageObject\",\"inLanguage\":\"fr-FR\",\"@id\":\"https:\/\/pf-photographie.com\/#\/schema\/logo\/image\/\",\"url\":\"https:\/\/pf-photographie.com\/wp-content\/uploads\/2025\/03\/cropped-logo-1.png\",\"contentUrl\":\"https:\/\/pf-photographie.com\/wp-content\/uploads\/2025\/03\/cropped-logo-1.png\",\"width\":397,\"height\":416,\"caption\":\"PF Photographie\"},\"image\":{\"@id\":\"https:\/\/pf-photographie.com\/#\/schema\/logo\/image\/\"}}]}<\/script>\n<!-- \/ Yoast SEO plugin. -->","yoast_head_json":{"title":"Portraits - PF Photographie","robots":{"index":"index","follow":"follow","max-snippet":"max-snippet:-1","max-image-preview":"max-image-preview:large","max-video-preview":"max-video-preview:-1"},"canonical":"https:\/\/pf-photographie.com\/index.php\/portraits\/","og_locale":"fr_FR","og_type":"article","og_title":"Portraits - PF Photographie","og_description":"Envie de portraits naturels, authentiques et qui vous ressemblent vraiment ? Je vous propose des s\u00e9ances photo personnalis\u00e9es, r\u00e9alis\u00e9es dans le confort de votre domicile ou en ext\u00e9rieur, dans un lieu qui vous inspire. Mon approche est simple et d\u00e9contract\u00e9e : pas de poses fig\u00e9es, juste un moment agr\u00e9able o\u00f9 vous pouvez \u00eatre vous-m\u00eame. L\u2019objectif [&hellip;]","og_url":"https:\/\/pf-photographie.com\/index.php\/portraits\/","og_site_name":"PF Photographie","article_modified_time":"2025-07-23T12:52:10+00:00","og_image":[{"url":"http:\/\/pf-photographie.com\/wp-content\/uploads\/2025\/02\/Juliette-3-683x1024.jpg","type":"","width":"","height":""}],"twitter_card":"summary_large_image","twitter_misc":{"Dur\u00e9e de lecture estim\u00e9e":"1 minute"},"schema":{"@context":"https:\/\/schema.org","@graph":[{"@type":"WebPage","@id":"https:\/\/pf-photographie.com\/index.php\/portraits\/","url":"https:\/\/pf-photographie.com\/index.php\/portraits\/","name":"Portraits - PF Photographie","isPartOf":{"@id":"https:\/\/pf-photographie.com\/#website"},"primaryImageOfPage":{"@id":"https:\/\/pf-photographie.com\/index.php\/portraits\/#primaryimage"},"image":{"@id":"https:\/\/pf-photographie.com\/index.php\/portraits\/#primaryimage"},"thumbnailUrl":"http:\/\/pf-photographie.com\/wp-content\/uploads\/2025\/02\/Juliette-3-683x1024.jpg","datePublished":"2024-12-11T22:25:27+00:00","dateModified":"2025-07-23T12:52:10+00:00","breadcrumb":{"@id":"https:\/\/pf-photographie.com\/index.php\/portraits\/#breadcrumb"},"inLanguage":"fr-FR","potentialAction":[{"@type":"ReadAction","target":["https:\/\/pf-photographie.com\/index.php\/portraits\/"]}]},{"@type":"ImageObject","inLanguage":"fr-FR","@id":"https:\/\/pf-photographie.com\/index.php\/portraits\/#primaryimage","url":"https:\/\/pf-photographie.com\/wp-content\/uploads\/2025\/02\/Juliette-3-scaled.jpg","contentUrl":"https:\/\/pf-photographie.com\/wp-content\/uploads\/2025\/02\/Juliette-3-scaled.jpg","width":1707,"height":2560},{"@type":"BreadcrumbList","@id":"https:\/\/pf-photographie.com\/index.php\/portraits\/#breadcrumb","itemListElement":[{"@type":"ListItem","position":1,"name":"Accueil","item":"https:\/\/pf-photographie.com\/"},{"@type":"ListItem","position":2,"name":"Portraits"}]},{"@type":"WebSite","@id":"https:\/\/pf-photographie.com\/#website","url":"https:\/\/pf-photographie.com\/","name":"PF Photographie","description":"","publisher":{"@id":"https:\/\/pf-photographie.com\/#organization"},"potentialAction":[{"@type":"SearchAction","target":{"@type":"EntryPoint","urlTemplate":"https:\/\/pf-photographie.com\/?s={search_term_string}"},"query-input":{"@type":"PropertyValueSpecification","valueRequired":true,"valueName":"search_term_string"}}],"inLanguage":"fr-FR"},{"@type":"Organization","@id":"https:\/\/pf-photographie.com\/#organization","name":"PF Photographie","url":"https:\/\/pf-photographie.com\/","logo":{"@type":"ImageObject","inLanguage":"fr-FR","@id":"https:\/\/pf-photographie.com\/#\/schema\/logo\/image\/","url":"https:\/\/pf-photographie.com\/wp-content\/uploads\/2025\/03\/cropped-logo-1.png","contentUrl":"https:\/\/pf-photographie.com\/wp-content\/uploads\/2025\/03\/cropped-logo-1.png","width":397,"height":416,"caption":"PF Photographie"},"image":{"@id":"https:\/\/pf-photographie.com\/#\/schema\/logo\/image\/"}}]}},"_links":{"self":[{"href":"https:\/\/pf-photographie.com\/index.php\/wp-json\/wp\/v2\/pages\/266","targetHints":{"allow":["GET"]}}],"collection":[{"href":"https:\/\/pf-photographie.com\/index.php\/wp-json\/wp\/v2\/pages"}],"about":[{"href":"https:\/\/pf-photographie.com\/index.php\/wp-json\/wp\/v2\/types\/page"}],"author":[{"embeddable":true,"href":"https:\/\/pf-photographie.com\/index.php\/wp-json\/wp\/v2\/users\/1"}],"replies":[{"embeddable":true,"href":"https:\/\/pf-photographie.com\/index.php\/wp-json\/wp\/v2\/comments?post=266"}],"version-history":[{"count":70,"href":"https:\/\/pf-photographie.com\/index.php\/wp-json\/wp\/v2\/pages\/266\/revisions"}],"predecessor-version":[{"id":1063,"href":"https:\/\/pf-photographie.com\/index.php\/wp-json\/wp\/v2\/pages\/266\/revisions\/1063"}],"wp:attachment":[{"href":"https:\/\/pf-photographie.com\/index.php\/wp-json\/wp\/v2\/media?parent=266"}],"curies":[{"name":"wp","href":"https:\/\/api.w.org\/{rel}","templated":true}]}}